{"id":2796,"date":"2023-10-10T12:10:46","date_gmt":"2023-10-10T10:10:46","guid":{"rendered":"https:\/\/www.meribelexperience.fr\/partners\/"},"modified":"2023-10-10T12:12:36","modified_gmt":"2023-10-10T10:12:36","slug":"partners","status":"publish","type":"page","link":"https:\/\/www.meribelexperience.fr\/en\/partners\/","title":{"rendered":"Partners"},"content":{"rendered":"<div class=\"wpb-content-wrapper\"><p>[vc_row full_width=&#8221;stretch_row_content&#8221; gap=&#8221;30&#8243; css=&#8221;.vc_custom_1696877183771{padding-top: 70px !important;padding-right: 70px !important;padding-left: 70px !important;}&#8221;][vc_column width=&#8221;1\/3&#8243;][vc_single_image image=&#8221;2762&#8243; img_size=&#8221;full&#8221;][vc_column_text css=&#8221;.vc_custom_1696869143410{padding-top: 20px !important;}&#8221;]<\/p>\n<h2 style=\"font-family: Andaman; text-align: center; font-size: 60px;\">Chez Fifi<\/h2>\n<p>[\/vc_column_text][vc_separator color=&#8221;custom&#8221; el_width=&#8221;70&#8243; accent_color=&#8221;#d2a641&#8243; css=&#8221;.vc_custom_1696869130794{padding-top: 20px !important;}&#8221;][vc_column_text css=&#8221;.vc_custom_1696869246497{padding-top: 20px !important;}&#8221;]<\/p>\n<p style=\"text-align: center;\">Discover Chez Fifi, the warm and friendly Italian restaurant in M\u00e9ribel. Enjoy Italian dishes or have a drink at the bar.<\/p>\n<p>[\/vc_column_text][vc_row_inner equal_height=&#8221;yes&#8221; css=&#8221;.vc_custom_1696869151795{padding-top: 20px !important;}&#8221;][vc_column_inner][vc_column_text]<\/p>\n<p style=\"text-align: center;\"><a href=\"tel:+33479221136\"><span aria-label=\"Appeler le 04 79 22 11 36\">04 79 22 11 36<\/span><\/a><\/p>\n<p>[\/vc_column_text][vc_column_text]<\/p>\n<p style=\"text-align: center;\"><a href=\"https:\/\/www.fifi-restaurant.com\/\" target=\"_blank\" rel=\"noopener\">www.fifi-restaurant.com<\/a><\/p>\n<p>[\/vc_column_text][vc_column_text]<\/p>\n<p style=\"text-align: center;\">331 Rte de l&#8217;Altiport, 73550 M\u00e9ribel<\/p>\n<p>[\/vc_column_text][\/vc_column_inner][\/vc_row_inner][\/vc_column][vc_column width=&#8221;1\/3&#8243;][vc_single_image image=&#8221;2778&#8243; img_size=&#8221;full&#8221;][vc_column_text css=&#8221;.vc_custom_1696876657332{padding-top: 20px !important;}&#8221;]<\/p>\n<h2 style=\"font-family: Andaman; text-align: center; font-size: 60px;\">Alp&#8217;Sports<\/h2>\n<p>[\/vc_column_text][vc_separator color=&#8221;custom&#8221; el_width=&#8221;70&#8243; accent_color=&#8221;#d2a641&#8243; css=&#8221;.vc_custom_1696869130794{padding-top: 20px !important;}&#8221;][vc_column_text css=&#8221;.vc_custom_1696878482865{padding-top: 20px !important;}&#8221;]<\/p>\n<p style=\"text-align: center;\">Alp&#8217;Sports is a ski rental store in M\u00e9ribel, with an area of \u200b\u200b150m2! With the biggest brands for rental and sale.<\/p>\n<p>[\/vc_column_text][vc_row_inner equal_height=&#8221;yes&#8221; css=&#8221;.vc_custom_1696869151795{padding-top: 20px !important;}&#8221;][vc_column_inner][vc_column_text]<\/p>\n<p style=\"text-align: center;\"><a href=\"tel:0479085286\">04 79 08 52 86<\/a><\/p>\n<p>[\/vc_column_text][vc_column_text]<\/p>\n<p style=\"text-align: center;\"><a href=\"https:\/\/www.alpsportsmeribel.com\" target=\"_blank\" rel=\"noopener\">www.alpsportsmeribel.com<\/a><\/p>\n<p>[\/vc_column_text][vc_column_text]<\/p>\n<p style=\"text-align: center;\">Le plateau de M\u00e9ribel, 73550 M\u00e9ribel<\/p>\n<p>[\/vc_column_text][\/vc_column_inner][\/vc_row_inner][\/vc_column][vc_column width=&#8221;1\/3&#8243;][vc_single_image image=&#8221;2785&#8243; img_size=&#8221;full&#8221;][vc_column_text css=&#8221;.vc_custom_1696878702869{padding-top: 20px !important;}&#8221;]<\/p>\n<h2 style=\"font-family: Andaman; text-align: center; font-size: 60px;\">Izi Bike<\/h2>\n<p>[\/vc_column_text][vc_separator color=&#8221;custom&#8221; el_width=&#8221;70&#8243; accent_color=&#8221;#d2a641&#8243; css=&#8221;.vc_custom_1696869130794{padding-top: 20px !important;}&#8221;][vc_column_text css=&#8221;.vc_custom_1696878737470{padding-top: 20px !important;}&#8221;]<\/p>\n<p style=\"text-align: center;\">IZI Bike offers rental and supervision of electric mountain bike rides. Located in the 3 valleys, in direct proximity to the most beautiful sites in the valley.<\/p>\n<p>[\/vc_column_text][vc_row_inner equal_height=&#8221;yes&#8221; css=&#8221;.vc_custom_1696869151795{padding-top: 20px !important;}&#8221;][vc_column_inner][vc_column_text]<\/p>\n<p style=\"text-align: center;\"><a href=\"tel:+33635107509\">06 35 10 75 09<\/a><\/p>\n<p>[\/vc_column_text][vc_column_text]<\/p>\n<p style=\"text-align: center;\"><a href=\"https:\/\/www.izibike.fr\/\" target=\"_blank\" rel=\"noopener\">www.izibike.fr<\/a><\/p>\n<p>[\/vc_column_text][vc_column_text]<\/p>\n<p style=\"text-align: center;\">73120 Courchevel<\/p>\n<p>[\/vc_column_text][\/vc_column_inner][\/vc_row_inner][\/vc_column][\/vc_row][vc_row el_class=&#8221;ws-row-space-bottom-80x&#8221; css=&#8221;.vc_custom_1694163111260{padding-top: 70px !important;}&#8221;][vc_column]<div class=\"ws-heading text-center ws-heading-dark\"><div>Any question?<\/div><\/div>[vc_empty_space height=&#8221;10px&#8221;]<div class=\"ws-special-button text-center button_dark\"><a href=\"contact\/\" target=\"_self\" class=\"btn ws-button-orange\">Contact us<\/a><\/div>[\/vc_column][\/vc_row][vc_row full_width=&#8221;stretch_row_content_no_spaces&#8221; css=&#8221;.vc_custom_1694164362725{padding-bottom: 30px !important;}&#8221;][vc_column][vc_single_image image=&#8221;1716&#8243; img_size=&#8221;full&#8221;][\/vc_column][\/vc_row]<\/p>\n<\/div>","protected":false},"excerpt":{"rendered":"<p>[vc_row full_width=&#8221;stretch_row_content&#8221; gap=&#8221;30&#8243; css=&#8221;.vc_custom_1696877183771{padding-top: 70px !important;padding-right: 70px !important;padding-left: 70px !important;}&#8221;][vc_column width=&#8221;1\/3&#8243;][vc_single_image image=&#8221;2762&#8243; img_size=&#8221;full&#8221;][vc_column_text css=&#8221;.vc_custom_1696869143410{padding-top: 20px !important;}&#8221;] Chez Fifi [\/vc_column_text][vc_separator color=&#8221;custom&#8221; el_width=&#8221;70&#8243; accent_color=&#8221;#d2a641&#8243; css=&#8221;.vc_custom_1696869130794{padding-top: 20px !important;}&#8221;][vc_column_text css=&#8221;.vc_custom_1696869246497{padding-top: 20px !important;}&#8221;] Discover Chez Fifi, the warm and friendly Italian restaurant in M\u00e9ribel. Enjoy Italian dishes or have a drink at the bar. [\/vc_column_text][vc_row_inner equal_height=&#8221;yes&#8221; css=&#8221;.vc_custom_1696869151795{padding-top: 20px !important;}&#8221;][vc_column_inner][vc_column_text] 04 [&hellip;]<\/p>\n","protected":false},"author":4,"featured_media":0,"parent":0,"menu_order":0,"comment_status":"closed","ping_status":"closed","template":"template-image-page.php","meta":{"footnotes":""},"class_list":["post-2796","page","type-page","status-publish","hentry"],"yoast_head":"<!-- This site is optimized with the Yoast SEO plugin v27.0 - https:\/\/yoast.com\/product\/yoast-seo-wordpress\/ -->\n<title>Our partners for a successful stay<\/title>\n<meta name=\"robots\" content=\"index, follow, max-snippet:-1, max-image-preview:large, max-video-preview:-1\" \/>\n<link rel=\"canonical\" href=\"https:\/\/www.meribelexperience.fr\/en\/partners\/\" \/>\n<meta property=\"og:locale\" content=\"en_US\" \/>\n<meta property=\"og:type\" content=\"article\" \/>\n<meta property=\"og:title\" content=\"Our partners for a successful stay\" \/>\n<meta property=\"og:description\" content=\"[vc_row full_width=&#8221;stretch_row_content&#8221; gap=&#8221;30&#8243; css=&#8221;.vc_custom_1696877183771{padding-top: 70px !important;padding-right: 70px !important;padding-left: 70px !important;}&#8221;][vc_column width=&#8221;1\/3&#8243;][vc_single_image image=&#8221;2762&#8243; img_size=&#8221;full&#8221;][vc_column_text css=&#8221;.vc_custom_1696869143410{padding-top: 20px !important;}&#8221;] Chez Fifi [\/vc_column_text][vc_separator color=&#8221;custom&#8221; el_width=&#8221;70&#8243; accent_color=&#8221;#d2a641&#8243; css=&#8221;.vc_custom_1696869130794{padding-top: 20px !important;}&#8221;][vc_column_text css=&#8221;.vc_custom_1696869246497{padding-top: 20px !important;}&#8221;] Discover Chez Fifi, the warm and friendly Italian restaurant in M\u00e9ribel. Enjoy Italian dishes or have a drink at the bar. [\/vc_column_text][vc_row_inner equal_height=&#8221;yes&#8221; css=&#8221;.vc_custom_1696869151795{padding-top: 20px !important;}&#8221;][vc_column_inner][vc_column_text] 04 [&hellip;]\" \/>\n<meta property=\"og:url\" content=\"https:\/\/www.meribelexperience.fr\/en\/partners\/\" \/>\n<meta property=\"og:site_name\" content=\"M\u00e9ribel Experience\" \/>\n<meta property=\"article:modified_time\" content=\"2023-10-10T10:12:36+00:00\" \/>\n<meta name=\"twitter:card\" content=\"summary_large_image\" \/>\n<meta name=\"twitter:label1\" content=\"Est. reading time\" \/>\n\t<meta name=\"twitter:data1\" content=\"2 minutes\" \/>\n<script type=\"application\/ld+json\" class=\"yoast-schema-graph\">{\"@context\":\"https:\/\/schema.org\",\"@graph\":[{\"@type\":\"WebPage\",\"@id\":\"https:\/\/www.meribelexperience.fr\/en\/partners\/\",\"url\":\"https:\/\/www.meribelexperience.fr\/en\/partners\/\",\"name\":\"Our partners for a successful stay\",\"isPartOf\":{\"@id\":\"https:\/\/www.meribelexperience.fr\/en\/#website\"},\"datePublished\":\"2023-10-10T10:10:46+00:00\",\"dateModified\":\"2023-10-10T10:12:36+00:00\",\"breadcrumb\":{\"@id\":\"https:\/\/www.meribelexperience.fr\/en\/partners\/#breadcrumb\"},\"inLanguage\":\"en-US\",\"potentialAction\":[{\"@type\":\"ReadAction\",\"target\":[\"https:\/\/www.meribelexperience.fr\/en\/partners\/\"]}]},{\"@type\":\"BreadcrumbList\",\"@id\":\"https:\/\/www.meribelexperience.fr\/en\/partners\/#breadcrumb\",\"itemListElement\":[{\"@type\":\"ListItem\",\"position\":1,\"name\":\"Home\",\"item\":\"https:\/\/www.meribelexperience.fr\/en\/\"},{\"@type\":\"ListItem\",\"position\":2,\"name\":\"Partners\"}]},{\"@type\":\"WebSite\",\"@id\":\"https:\/\/www.meribelexperience.fr\/en\/#website\",\"url\":\"https:\/\/www.meribelexperience.fr\/en\/\",\"name\":\"M\u00e9ribel Experience\",\"description\":\"Fa\u00eetes place \u00e0 l&#039;aventure\",\"potentialAction\":[{\"@type\":\"SearchAction\",\"target\":{\"@type\":\"EntryPoint\",\"urlTemplate\":\"https:\/\/www.meribelexperience.fr\/en\/?s={search_term_string}\"},\"query-input\":{\"@type\":\"PropertyValueSpecification\",\"valueRequired\":true,\"valueName\":\"search_term_string\"}}],\"inLanguage\":\"en-US\"}]}<\/script>\n<!-- \/ Yoast SEO plugin. -->","yoast_head_json":{"title":"Our partners for a successful stay","robots":{"index":"index","follow":"follow","max-snippet":"max-snippet:-1","max-image-preview":"max-image-preview:large","max-video-preview":"max-video-preview:-1"},"canonical":"https:\/\/www.meribelexperience.fr\/en\/partners\/","og_locale":"en_US","og_type":"article","og_title":"Our partners for a successful stay","og_description":"[vc_row full_width=&#8221;stretch_row_content&#8221; gap=&#8221;30&#8243; css=&#8221;.vc_custom_1696877183771{padding-top: 70px !important;padding-right: 70px !important;padding-left: 70px !important;}&#8221;][vc_column width=&#8221;1\/3&#8243;][vc_single_image image=&#8221;2762&#8243; img_size=&#8221;full&#8221;][vc_column_text css=&#8221;.vc_custom_1696869143410{padding-top: 20px !important;}&#8221;] Chez Fifi [\/vc_column_text][vc_separator color=&#8221;custom&#8221; el_width=&#8221;70&#8243; accent_color=&#8221;#d2a641&#8243; css=&#8221;.vc_custom_1696869130794{padding-top: 20px !important;}&#8221;][vc_column_text css=&#8221;.vc_custom_1696869246497{padding-top: 20px !important;}&#8221;] Discover Chez Fifi, the warm and friendly Italian restaurant in M\u00e9ribel. Enjoy Italian dishes or have a drink at the bar. [\/vc_column_text][vc_row_inner equal_height=&#8221;yes&#8221; css=&#8221;.vc_custom_1696869151795{padding-top: 20px !important;}&#8221;][vc_column_inner][vc_column_text] 04 [&hellip;]","og_url":"https:\/\/www.meribelexperience.fr\/en\/partners\/","og_site_name":"M\u00e9ribel Experience","article_modified_time":"2023-10-10T10:12:36+00:00","twitter_card":"summary_large_image","twitter_misc":{"Est. reading time":"2 minutes"},"schema":{"@context":"https:\/\/schema.org","@graph":[{"@type":"WebPage","@id":"https:\/\/www.meribelexperience.fr\/en\/partners\/","url":"https:\/\/www.meribelexperience.fr\/en\/partners\/","name":"Our partners for a successful stay","isPartOf":{"@id":"https:\/\/www.meribelexperience.fr\/en\/#website"},"datePublished":"2023-10-10T10:10:46+00:00","dateModified":"2023-10-10T10:12:36+00:00","breadcrumb":{"@id":"https:\/\/www.meribelexperience.fr\/en\/partners\/#breadcrumb"},"inLanguage":"en-US","potentialAction":[{"@type":"ReadAction","target":["https:\/\/www.meribelexperience.fr\/en\/partners\/"]}]},{"@type":"BreadcrumbList","@id":"https:\/\/www.meribelexperience.fr\/en\/partners\/#breadcrumb","itemListElement":[{"@type":"ListItem","position":1,"name":"Home","item":"https:\/\/www.meribelexperience.fr\/en\/"},{"@type":"ListItem","position":2,"name":"Partners"}]},{"@type":"WebSite","@id":"https:\/\/www.meribelexperience.fr\/en\/#website","url":"https:\/\/www.meribelexperience.fr\/en\/","name":"M\u00e9ribel Experience","description":"Fa\u00eetes place \u00e0 l&#039;aventure","potentialAction":[{"@type":"SearchAction","target":{"@type":"EntryPoint","urlTemplate":"https:\/\/www.meribelexperience.fr\/en\/?s={search_term_string}"},"query-input":{"@type":"PropertyValueSpecification","valueRequired":true,"valueName":"search_term_string"}}],"inLanguage":"en-US"}]}},"_links":{"self":[{"href":"https:\/\/www.meribelexperience.fr\/en\/wp-json\/wp\/v2\/pages\/2796","targetHints":{"allow":["GET"]}}],"collection":[{"href":"https:\/\/www.meribelexperience.fr\/en\/wp-json\/wp\/v2\/pages"}],"about":[{"href":"https:\/\/www.meribelexperience.fr\/en\/wp-json\/wp\/v2\/types\/page"}],"author":[{"embeddable":true,"href":"https:\/\/www.meribelexperience.fr\/en\/wp-json\/wp\/v2\/users\/4"}],"replies":[{"embeddable":true,"href":"https:\/\/www.meribelexperience.fr\/en\/wp-json\/wp\/v2\/comments?post=2796"}],"version-history":[{"count":2,"href":"https:\/\/www.meribelexperience.fr\/en\/wp-json\/wp\/v2\/pages\/2796\/revisions"}],"predecessor-version":[{"id":2798,"href":"https:\/\/www.meribelexperience.fr\/en\/wp-json\/wp\/v2\/pages\/2796\/revisions\/2798"}],"wp:attachment":[{"href":"https:\/\/www.meribelexperience.fr\/en\/wp-json\/wp\/v2\/media?parent=2796"}],"curies":[{"name":"wp","href":"https:\/\/api.w.org\/{rel}","templated":true}]}}