{"id":1347,"date":"2021-01-08T10:40:12","date_gmt":"2021-01-08T08:40:12","guid":{"rendered":"https:\/\/www.meribelexperience.fr\/?page_id=1347"},"modified":"2026-01-30T21:13:47","modified_gmt":"2026-01-30T19:13:47","slug":"prices","status":"publish","type":"page","link":"https:\/\/www.meribelexperience.fr\/en\/prices\/","title":{"rendered":"Prices"},"content":{"rendered":"<div class=\"wpb-content-wrapper\"><p>[vc_row][vc_column][vc_column_text]<\/p>\n<h2>Prices \/ Winter 2025 &#8211; 2026<\/h2>\n<p>[\/vc_column_text][\/vc_column][\/vc_row][vc_row][vc_column][vc_column_text]\n<table id=\"tablepress-4\" class=\"tablepress tablepress-id-4\">\n<thead>\n<tr class=\"row-1\">\n\t<td class=\"column-1\"><\/td><th class=\"column-2\">Dates<\/th><th class=\"column-3\">Apartments K2<\/th><th class=\"column-4\">Apartments K2 Bis<\/th><th class=\"column-5\">Chalet Carriaz<\/th><th class=\"column-6\">Chalet Alta\u00efs<\/th><th class=\"column-7\">Chalet Centre<\/th><th class=\"column-8\">Chalet Suzanne<\/th><th class=\"column-9\">Chalet Kalliste<\/th><th class=\"column-10\">Chalet Kashmir<\/th>\n<\/tr>\n<\/thead>\n<tbody class=\"row-striping row-hover\">\n<tr class=\"row-2\">\n\t<td class=\"column-1\">Sleeps<\/td><td class=\"column-2\"><\/td><td class=\"column-3\">4 \/ 5<\/td><td class=\"column-4\">2 \/ 3<\/td><td class=\"column-5\">14<\/td><td class=\"column-6\">8 \/ 10<\/td><td class=\"column-7\">8<\/td><td class=\"column-8\">18<\/td><td class=\"column-9\">12<\/td><td class=\"column-10\">12<\/td>\n<\/tr>\n<tr class=\"row-3\">\n\t<td class=\"column-1\">DECEMBER<\/td><td class=\"column-2\">05-12<\/td><td class=\"column-3\">1\u00a0500 \u20ac<\/td><td class=\"column-4\">1\u00a0000 \u20ac<\/td><td class=\"column-5\">10\u00a0000 \u20ac<\/td><td class=\"column-6\">10\u00a0000 \u20ac<\/td><td class=\"column-7\">2\u00a0900 \u20ac<\/td><td class=\"column-8\">12\u00a0600 \u20ac<\/td><td class=\"column-9\">6\u00a0500 \u20ac<\/td><td class=\"column-10\">7\u00a0500 \u20ac<\/td>\n<\/tr>\n<tr class=\"row-4\">\n\t<td class=\"column-1\"><\/td><td class=\"column-2\">12-19<\/td><td class=\"column-3\">2\u00a0500 \u20ac<\/td><td class=\"column-4\">1\u00a0200 \u20ac<\/td><td class=\"column-5\">10\u00a0000 \u20ac<\/td><td class=\"column-6\">12\u00a0000 \u20ac<\/td><td class=\"column-7\">3\u00a0900 \u20ac<\/td><td class=\"column-8\">12\u00a0600 \u20ac<\/td><td class=\"column-9\">6\u00a0500 \u20ac<\/td><td class=\"column-10\">9\u00a0200 \u20ac<\/td>\n<\/tr>\n<tr class=\"row-5\">\n\t<td class=\"column-1\"><\/td><td class=\"column-2\">19-26<\/td><td class=\"column-3\">4\u00a0000 \u20ac<\/td><td class=\"column-4\">1\u00a0900 \u20ac<\/td><td class=\"column-5\">booked<\/td><td class=\"column-6\">23\u00a0000 \u20ac<\/td><td class=\"column-7\">Booked<\/td><td class=\"column-8\">28\u00a0000 \u20ac<\/td><td class=\"column-9\">Booked<\/td><td class=\"column-10\">18\u00a0000 \u20ac<\/td>\n<\/tr>\n<tr class=\"row-6\">\n\t<td class=\"column-1\"><\/td><td class=\"column-2\">26-02<\/td><td class=\"column-3\">5\u00a0950 \u20ac<\/td><td class=\"column-4\">2\u00a0900 \u20ac<\/td><td class=\"column-5\">booked<\/td><td class=\"column-6\">booked<\/td><td class=\"column-7\">9\u00a0500 \u20ac<\/td><td class=\"column-8\">Booked<\/td><td class=\"column-9\">Booked<\/td><td class=\"column-10\">Booked<\/td>\n<\/tr>\n<tr class=\"row-7\">\n\t<td class=\"column-1\">JANUARY<\/td><td class=\"column-2\">02-09<\/td><td class=\"column-3\">3\u00a0000 \u20ac<\/td><td class=\"column-4\">1\u00a0500 \u20ac<\/td><td class=\"column-5\">15\u00a0000 \u20ac<\/td><td class=\"column-6\">18\u00a0000 \u20ac<\/td><td class=\"column-7\">Booked<\/td><td class=\"column-8\">Booked<\/td><td class=\"column-9\">Booked<\/td><td class=\"column-10\">11\u00a0500 \u20ac<\/td>\n<\/tr>\n<tr class=\"row-8\">\n\t<td class=\"column-1\"><\/td><td class=\"column-2\">09-16<\/td><td class=\"column-3\">3\u00a0000 \u20ac<\/td><td class=\"column-4\">1\u00a0500 \u20ac<\/td><td class=\"column-5\">15\u00a0000 \u20ac<\/td><td class=\"column-6\">16\u00a0000 \u20ac<\/td><td class=\"column-7\">4\u00a0600 \u20ac<\/td><td class=\"column-8\">18\u00a0000 \u20ac<\/td><td class=\"column-9\">8\u00a0500 \u20ac<\/td><td class=\"column-10\">11\u00a0500 \u20ac<\/td>\n<\/tr>\n<tr class=\"row-9\">\n\t<td class=\"column-1\"><\/td><td class=\"column-2\">16-23<\/td><td class=\"column-3\">3\u00a0000 \u20ac<\/td><td class=\"column-4\">1\u00a0500 \u20ac<\/td><td class=\"column-5\">15\u00a0000 \u20ac<\/td><td class=\"column-6\">16\u00a0000 \u20ac<\/td><td class=\"column-7\">Booked<\/td><td class=\"column-8\">Booked<\/td><td class=\"column-9\">8\u00a0500 \u20ac<\/td><td class=\"column-10\">11\u00a0500 \u20ac<\/td>\n<\/tr>\n<tr class=\"row-10\">\n\t<td class=\"column-1\"><\/td><td class=\"column-2\">23-30<\/td><td class=\"column-3\">3\u00a0000 \u20ac<\/td><td class=\"column-4\">1\u00a0500 \u20ac<\/td><td class=\"column-5\">15\u00a0000 \u20ac<\/td><td class=\"column-6\">16\u00a0000 \u20ac<\/td><td class=\"column-7\">5\u00a0200 \u20ac<\/td><td class=\"column-8\">Booked<\/td><td class=\"column-9\">8\u00a0500 \u20ac<\/td><td class=\"column-10\">11\u00a0500 \u20ac<\/td>\n<\/tr>\n<tr class=\"row-11\">\n\t<td class=\"column-1\">FEBRUARY<\/td><td class=\"column-2\">30-06<\/td><td class=\"column-3\">3\u00a0000 \u20ac<\/td><td class=\"column-4\">1\u00a0500 \u20ac<\/td><td class=\"column-5\">14\u00a0000 \u20ac<\/td><td class=\"column-6\">16\u00a0000 \u20ac<\/td><td class=\"column-7\">5\u00a0200 \u20ac<\/td><td class=\"column-8\">Booked<\/td><td class=\"column-9\">9\u00a0000 \u20ac<\/td><td class=\"column-10\">11\u00a0000 \u20ac<\/td>\n<\/tr>\n<tr class=\"row-12\">\n\t<td class=\"column-1\"><\/td><td class=\"column-2\">06-13<\/td><td class=\"column-3\">4\u00a0900 \u20ac<\/td><td class=\"column-4\">2\u00a0100 \u20ac<\/td><td class=\"column-5\">19\u00a0000 \u20ac<\/td><td class=\"column-6\">25\u00a0000 \u20ac<\/td><td class=\"column-7\">7\u00a0400 \u20ac<\/td><td class=\"column-8\">21\u00a0000 \u20ac<\/td><td class=\"column-9\">12\u00a0000 \u20ac<\/td><td class=\"column-10\">17\u00a0250 \u20ac<\/td>\n<\/tr>\n<tr class=\"row-13\">\n\t<td class=\"column-1\"><\/td><td class=\"column-2\">13-20<\/td><td class=\"column-3\">5\u00a0200 \u20ac<\/td><td class=\"column-4\">2\u00a0600 \u20ac<\/td><td class=\"column-5\">28\u00a0000 \u20ac<\/td><td class=\"column-6\">30\u00a0000 \u20ac<\/td><td class=\"column-7\">Booked<\/td><td class=\"column-8\">23\u00a0000 \u20ac<\/td><td class=\"column-9\">Booked<\/td><td class=\"column-10\">Booked<\/td>\n<\/tr>\n<tr class=\"row-14\">\n\t<td class=\"column-1\"><\/td><td class=\"column-2\">20-27<\/td><td class=\"column-3\">4\u00a0000 \u20ac<\/td><td class=\"column-4\">2\u00a0600 \u20ac<\/td><td class=\"column-5\">17\u00a0000 \u20ac<\/td><td class=\"column-6\">20\u00a0000 \u20ac<\/td><td class=\"column-7\">7\u00a0400 \u20ac<\/td><td class=\"column-8\">21\u00a0000 \u20ac<\/td><td class=\"column-9\">12\u00a0000 \u20ac<\/td><td class=\"column-10\">17\u00a0250 \u20ac<\/td>\n<\/tr>\n<tr class=\"row-15\">\n\t<td class=\"column-1\">MARCH<\/td><td class=\"column-2\">27-06<\/td><td class=\"column-3\">3\u00a0600 \u20ac<\/td><td class=\"column-4\">2\u00a0300 \u20ac<\/td><td class=\"column-5\">15\u00a0000 \u20ac<\/td><td class=\"column-6\">16\u00a0000 \u20ac<\/td><td class=\"column-7\">6\u00a0400 \u20ac<\/td><td class=\"column-8\">19\u00a0000 \u20ac<\/td><td class=\"column-9\">10\u00a0000 \u20ac<\/td><td class=\"column-10\">13\u00a0000 \u20ac<\/td>\n<\/tr>\n<tr class=\"row-16\">\n\t<td class=\"column-1\"><\/td><td class=\"column-2\">06-13<\/td><td class=\"column-3\">3\u00a0000 \u20ac<\/td><td class=\"column-4\">1\u00a0500 \u20ac<\/td><td class=\"column-5\">14\u00a0000 \u20ac<\/td><td class=\"column-6\">15\u00a0000 \u20ac<\/td><td class=\"column-7\">4\u00a0600 \u20ac<\/td><td class=\"column-8\">Booked<\/td><td class=\"column-9\">8\u00a0000 \u20ac<\/td><td class=\"column-10\">10\u00a0500 \u20ac<\/td>\n<\/tr>\n<tr class=\"row-17\">\n\t<td class=\"column-1\"><\/td><td class=\"column-2\">13-20<\/td><td class=\"column-3\">3\u00a0000 \u20ac<\/td><td class=\"column-4\">1\u00a0500 \u20ac<\/td><td class=\"column-5\">14\u00a0000 \u20ac<\/td><td class=\"column-6\">15\u00a0000 \u20ac<\/td><td class=\"column-7\">4\u00a0600 \u20ac<\/td><td class=\"column-8\">Booked<\/td><td class=\"column-9\">8\u00a0000 \u20ac<\/td><td class=\"column-10\">10\u00a0500 \u20ac<\/td>\n<\/tr>\n<tr class=\"row-18\">\n\t<td class=\"column-1\"><\/td><td class=\"column-2\">20-27<\/td><td class=\"column-3\">3\u00a0000 \u20ac<\/td><td class=\"column-4\">1\u00a0500 \u20ac<\/td><td class=\"column-5\">14\u00a0000 \u20ac<\/td><td class=\"column-6\">15\u00a0000 \u20ac<\/td><td class=\"column-7\">4\u00a0600 \u20ac<\/td><td class=\"column-8\">17\u00a0000 \u20ac<\/td><td class=\"column-9\">8\u00a0000 \u20ac<\/td><td class=\"column-10\">10\u00a0500 \u20ac<\/td>\n<\/tr>\n<tr class=\"row-19\">\n\t<td class=\"column-1\">APRIL<\/td><td class=\"column-2\">27-03<\/td><td class=\"column-3\">2\u00a0800 \u20ac<\/td><td class=\"column-4\">1\u00a0500 \u20ac<\/td><td class=\"column-5\">14\u00a0000 \u20ac<\/td><td class=\"column-6\">15\u00a0000 \u20ac<\/td><td class=\"column-7\">4\u00a0200 \u20ac<\/td><td class=\"column-8\">15\u00a0500 \u20ac<\/td><td class=\"column-9\">8\u00a0000 \u20ac<\/td><td class=\"column-10\">10\u00a0500 \u20ac<\/td>\n<\/tr>\n<tr class=\"row-20\">\n\t<td class=\"column-1\"><\/td><td class=\"column-2\">03-10<\/td><td class=\"column-3\">2\u00a0800 \u20ac<\/td><td class=\"column-4\">1\u00a0500 \u20ac<\/td><td class=\"column-5\">10\u00a0000 \u20ac<\/td><td class=\"column-6\">13\u00a0000 \u20ac<\/td><td class=\"column-7\">3\u00a0900 \u20ac<\/td><td class=\"column-8\">15 500 \u20ac<\/td><td class=\"column-9\">6\u00a0500 \u20ac<\/td><td class=\"column-10\">9\u00a0200 \u20ac<\/td>\n<\/tr>\n<tr class=\"row-21\">\n\t<td class=\"column-1\"><\/td><td class=\"column-2\">10-17<\/td><td class=\"column-3\">2\u00a0600 \u20ac<\/td><td class=\"column-4\">1\u00a0300 \u20ac<\/td><td class=\"column-5\">10\u00a0000 \u20ac<\/td><td class=\"column-6\">11\u00a0000 \u20ac<\/td><td class=\"column-7\">3\u00a0900 \u20ac<\/td><td class=\"column-8\">12\u00a0600 \u20ac<\/td><td class=\"column-9\">6\u00a0500 \u20ac<\/td><td class=\"column-10\">9\u00a0200 \u20ac<\/td>\n<\/tr>\n<tr class=\"row-22\">\n\t<td class=\"column-1\"><\/td><td class=\"column-2\">17-24<\/td><td class=\"column-3\">1\u00a0500 \u20ac<\/td><td class=\"column-4\">1\u00a0300 \u20ac<\/td><td class=\"column-5\">10\u00a0000 \u20ac<\/td><td class=\"column-6\">11\u00a0000 \u20ac<\/td><td class=\"column-7\">3\u00a0900 \u20ac<\/td><td class=\"column-8\">12 000 \u20ac<\/td><td class=\"column-9\">6 500 \u20ac<\/td><td class=\"column-10\">9\u00a0000 \u20ac<\/td>\n<\/tr>\n<tr class=\"row-23\">\n\t<td class=\"column-1\"><\/td><td class=\"column-2\"><\/td><td class=\"column-3\"><\/td><td class=\"column-4\"><\/td><td class=\"column-5\"><\/td><td class=\"column-6\"><\/td><td class=\"column-7\"><\/td><td class=\"column-8\"><\/td><td class=\"column-9\"><\/td><td class=\"column-10\"><\/td>\n<\/tr>\n<\/tbody>\n<\/table>\n<!-- #tablepress-4 from cache -->[\/vc_column_text][\/vc_column][\/vc_row][vc_row][vc_column][vc_empty_space height=&#8221;60px&#8221;][\/vc_column][\/vc_row][vc_row][vc_column][vc_column_text]<\/p>\n<h2>Prices \/ Summer 2026<\/h2>\n<p>[\/vc_column_text][\/vc_column][\/vc_row][vc_row][vc_column][vc_column_text]\n<table id=\"tablepress-5\" class=\"tablepress tablepress-id-5\">\n<thead>\n<tr class=\"row-1\">\n\t<td class=\"column-1\"><\/td><th class=\"column-2\">Apartment K2<\/th><th class=\"column-3\">Apartment K2 Bis<\/th><th class=\"column-4\">Chalet Carriaz<\/th><th class=\"column-5\">Chalet Alta\u00efs<\/th><th class=\"column-6\">Chalet Centre<\/th><th class=\"column-7\">Chalet Suzanne<\/th><th class=\"column-8\">Chalet Kalliste<\/th><th class=\"column-9\">Chalet Kashmir<\/th>\n<\/tr>\n<\/thead>\n<tbody class=\"row-striping row-hover\">\n<tr class=\"row-2\">\n\t<td class=\"column-1\">Sleeps<\/td><td class=\"column-2\">4 \/ 5<\/td><td class=\"column-3\">2 \/ 3 <\/td><td class=\"column-4\">14<\/td><td class=\"column-5\">8 \/ 10<\/td><td class=\"column-6\">8<\/td><td class=\"column-7\">18<\/td><td class=\"column-8\">12 <\/td><td class=\"column-9\">12<\/td>\n<\/tr>\n<tr class=\"row-3\">\n\t<td class=\"column-1\">MAY<br \/>\nJUNE<\/td><td class=\"column-2\">1120 \u20ac<\/td><td class=\"column-3\">770 \u20ac<\/td><td class=\"column-4\">4900 \u20ac<\/td><td class=\"column-5\">6300 \u20ac<\/td><td class=\"column-6\">1960 \u20ac<\/td><td class=\"column-7\">4900 \u20ac<\/td><td class=\"column-8\">3800 \u20ac<\/td><td class=\"column-9\">4000 \u20ac<\/td>\n<\/tr>\n<tr class=\"row-4\">\n\t<td class=\"column-1\">JULY<br \/>\nAUGUST<\/td><td class=\"column-2\">1120 \u20ac<\/td><td class=\"column-3\">770 \u20ac<\/td><td class=\"column-4\">4900 \u20ac<\/td><td class=\"column-5\">6300 \u20ac<\/td><td class=\"column-6\">1960 \u20ac<\/td><td class=\"column-7\">5600 \u20ac<\/td><td class=\"column-8\">4200 \u20ac<\/td><td class=\"column-9\">4620 \u20ac<\/td>\n<\/tr>\n<tr class=\"row-5\">\n\t<td class=\"column-1\">SEPTEMBER<br \/>\nOCTOBER<\/td><td class=\"column-2\">1120 \u20ac<\/td><td class=\"column-3\">770 \u20ac<\/td><td class=\"column-4\">4900 \u20ac<\/td><td class=\"column-5\">6300 \u20ac<\/td><td class=\"column-6\">1960 \u20ac<\/td><td class=\"column-7\">4900 \u20ac<\/td><td class=\"column-8\">3800 \u20ac<\/td><td class=\"column-9\">4000 \u20ac<\/td>\n<\/tr>\n<tr class=\"row-6\">\n\t<td class=\"column-1\"><\/td><td class=\"column-2\"><\/td><td class=\"column-3\"><\/td><td class=\"column-4\"><\/td><td class=\"column-5\"><\/td><td class=\"column-6\"><\/td><td class=\"column-7\"><\/td><td class=\"column-8\"><\/td><td class=\"column-9\"><\/td>\n<\/tr>\n<\/tbody>\n<\/table>\n<!-- #tablepress-5 from cache -->[\/vc_column_text][\/vc_column][\/vc_row][vc_row][vc_column][vc_empty_space][\/vc_column][\/vc_row][vc_row][vc_column][vc_column_text css=&#8221;&#8221;]<\/p>\n<h2>Booking conditions<\/h2>\n<ul>\n<li>The reservation will be considered firm and definitive on receipt of the deposit of 50% of the price of the stay.<\/li>\n<li>The balance of the stay must be paid 60 days before your arrival date.<\/li>\n<li>Payment of the deposit and the balance of the stay will be made by cheque or bank transfer 60 days before your arrival date.<\/li>\n<li>The tourist tax amounts to 1,80\u20ac\/adult\/night and will be paid in addition at the end of the stay.<\/li>\n<li>Animals are not accepted, the chalet is non-smoking.<\/li>\n<\/ul>\n<h2>In case of cancellation<\/h2>\n<p>In case of cancellation by the customer, the following costs will be retained:<\/p>\n<ul>\n<li>If the cancellation is made more than 60 days (8 weeks) before the date of arrival, the deposit will be retained as compensation.<\/li>\n<li>If the cancellation is made within 60 days (8 weeks) before your arrival, the totality of the payment for your stay will be retained as compensation.<\/li>\n<li>Chalet de Suzanne no refundable<\/li>\n<\/ul>\n<h2>Services included<\/h2>\n<ul>\n<li>Customer welcome<\/li>\n<li>Bathroom and bed linen<\/li>\n<li>Hospitality products<\/li>\n<li>Cleaning at the end of the stay<\/li>\n<\/ul>\n<p>[\/vc_column_text][\/vc_column][\/vc_row][vc_row full_width=&#8221;stretch_row_content_no_spaces&#8221;][vc_column][vc_single_image image=&#8221;1717&#8243; img_size=&#8221;full&#8221;][\/vc_column][\/vc_row]<\/p>\n<\/div>","protected":false},"excerpt":{"rendered":"<p>[vc_row][vc_column][vc_column_text] Prices \/ Winter 2025 &#8211; 2026 [\/vc_column_text][\/vc_column][\/vc_row][vc_row][vc_column][vc_column_text][\/vc_column_text][\/vc_column][\/vc_row][vc_row][vc_column][vc_empty_space height=&#8221;60px&#8221;][\/vc_column][\/vc_row][vc_row][vc_column][vc_column_text] Prices \/ Summer 2026 [\/vc_column_text][\/vc_column][\/vc_row][vc_row][vc_column][vc_column_text][\/vc_column_text][\/vc_column][\/vc_row][vc_row][vc_column][vc_empty_space][\/vc_column][\/vc_row][vc_row][vc_column][vc_column_text css=&#8221;&#8221;] Booking conditions The reservation will be considered firm and definitive on receipt of the deposit of 50% of the price of the stay. The balance of the stay must be paid 60 days before your arrival date. Payment of the [&hellip;]<\/p>\n","protected":false},"author":2,"featured_media":0,"parent":0,"menu_order":0,"comment_status":"closed","ping_status":"closed","template":"","meta":{"footnotes":""},"class_list":["post-1347","page","type-page","status-publish","hentry"],"yoast_head":"<!-- This site is optimized with the Yoast SEO plugin v27.0 - https:\/\/yoast.com\/product\/yoast-seo-wordpress\/ -->\n<title>Prices - M\u00e9ribel Experience<\/title>\n<meta name=\"robots\" content=\"index, follow, max-snippet:-1, max-image-preview:large, max-video-preview:-1\" \/>\n<link rel=\"canonical\" href=\"https:\/\/www.meribelexperience.fr\/en\/prices\/\" \/>\n<meta property=\"og:locale\" content=\"en_US\" \/>\n<meta property=\"og:type\" content=\"article\" \/>\n<meta property=\"og:title\" content=\"Prices - M\u00e9ribel Experience\" \/>\n<meta property=\"og:description\" content=\"[vc_row][vc_column][vc_column_text] Prices \/ Winter 2025 &#8211; 2026 [\/vc_column_text][\/vc_column][\/vc_row][vc_row][vc_column][vc_column_text][\/vc_column_text][\/vc_column][\/vc_row][vc_row][vc_column][vc_empty_space height=&#8221;60px&#8221;][\/vc_column][\/vc_row][vc_row][vc_column][vc_column_text] Prices \/ Summer 2026 [\/vc_column_text][\/vc_column][\/vc_row][vc_row][vc_column][vc_column_text][\/vc_column_text][\/vc_column][\/vc_row][vc_row][vc_column][vc_empty_space][\/vc_column][\/vc_row][vc_row][vc_column][vc_column_text css=&#8221;&#8221;] Booking conditions The reservation will be considered firm and definitive on receipt of the deposit of 50% of the price of the stay. The balance of the stay must be paid 60 days before your arrival date. Payment of the [&hellip;]\" \/>\n<meta property=\"og:url\" content=\"https:\/\/www.meribelexperience.fr\/en\/prices\/\" \/>\n<meta property=\"og:site_name\" content=\"M\u00e9ribel Experience\" \/>\n<meta property=\"article:modified_time\" content=\"2026-01-30T19:13:47+00:00\" \/>\n<meta name=\"twitter:card\" content=\"summary_large_image\" \/>\n<meta name=\"twitter:label1\" content=\"Est. reading time\" \/>\n\t<meta name=\"twitter:data1\" content=\"1 minute\" \/>\n<script type=\"application\/ld+json\" class=\"yoast-schema-graph\">{\"@context\":\"https:\/\/schema.org\",\"@graph\":[{\"@type\":\"WebPage\",\"@id\":\"https:\/\/www.meribelexperience.fr\/en\/prices\/\",\"url\":\"https:\/\/www.meribelexperience.fr\/en\/prices\/\",\"name\":\"Prices - M\u00e9ribel Experience\",\"isPartOf\":{\"@id\":\"https:\/\/www.meribelexperience.fr\/en\/#website\"},\"datePublished\":\"2021-01-08T08:40:12+00:00\",\"dateModified\":\"2026-01-30T19:13:47+00:00\",\"breadcrumb\":{\"@id\":\"https:\/\/www.meribelexperience.fr\/en\/prices\/#breadcrumb\"},\"inLanguage\":\"en-US\",\"potentialAction\":[{\"@type\":\"ReadAction\",\"target\":[\"https:\/\/www.meribelexperience.fr\/en\/prices\/\"]}]},{\"@type\":\"BreadcrumbList\",\"@id\":\"https:\/\/www.meribelexperience.fr\/en\/prices\/#breadcrumb\",\"itemListElement\":[{\"@type\":\"ListItem\",\"position\":1,\"name\":\"Home\",\"item\":\"https:\/\/www.meribelexperience.fr\/en\/\"},{\"@type\":\"ListItem\",\"position\":2,\"name\":\"Prices\"}]},{\"@type\":\"WebSite\",\"@id\":\"https:\/\/www.meribelexperience.fr\/en\/#website\",\"url\":\"https:\/\/www.meribelexperience.fr\/en\/\",\"name\":\"M\u00e9ribel Experience\",\"description\":\"Fa\u00eetes place \u00e0 l&#039;aventure\",\"potentialAction\":[{\"@type\":\"SearchAction\",\"target\":{\"@type\":\"EntryPoint\",\"urlTemplate\":\"https:\/\/www.meribelexperience.fr\/en\/?s={search_term_string}\"},\"query-input\":{\"@type\":\"PropertyValueSpecification\",\"valueRequired\":true,\"valueName\":\"search_term_string\"}}],\"inLanguage\":\"en-US\"}]}<\/script>\n<!-- \/ Yoast SEO plugin. -->","yoast_head_json":{"title":"Prices - M\u00e9ribel Experience","robots":{"index":"index","follow":"follow","max-snippet":"max-snippet:-1","max-image-preview":"max-image-preview:large","max-video-preview":"max-video-preview:-1"},"canonical":"https:\/\/www.meribelexperience.fr\/en\/prices\/","og_locale":"en_US","og_type":"article","og_title":"Prices - M\u00e9ribel Experience","og_description":"[vc_row][vc_column][vc_column_text] Prices \/ Winter 2025 &#8211; 2026 [\/vc_column_text][\/vc_column][\/vc_row][vc_row][vc_column][vc_column_text][\/vc_column_text][\/vc_column][\/vc_row][vc_row][vc_column][vc_empty_space height=&#8221;60px&#8221;][\/vc_column][\/vc_row][vc_row][vc_column][vc_column_text] Prices \/ Summer 2026 [\/vc_column_text][\/vc_column][\/vc_row][vc_row][vc_column][vc_column_text][\/vc_column_text][\/vc_column][\/vc_row][vc_row][vc_column][vc_empty_space][\/vc_column][\/vc_row][vc_row][vc_column][vc_column_text css=&#8221;&#8221;] Booking conditions The reservation will be considered firm and definitive on receipt of the deposit of 50% of the price of the stay. The balance of the stay must be paid 60 days before your arrival date. Payment of the [&hellip;]","og_url":"https:\/\/www.meribelexperience.fr\/en\/prices\/","og_site_name":"M\u00e9ribel Experience","article_modified_time":"2026-01-30T19:13:47+00:00","twitter_card":"summary_large_image","twitter_misc":{"Est. reading time":"1 minute"},"schema":{"@context":"https:\/\/schema.org","@graph":[{"@type":"WebPage","@id":"https:\/\/www.meribelexperience.fr\/en\/prices\/","url":"https:\/\/www.meribelexperience.fr\/en\/prices\/","name":"Prices - M\u00e9ribel Experience","isPartOf":{"@id":"https:\/\/www.meribelexperience.fr\/en\/#website"},"datePublished":"2021-01-08T08:40:12+00:00","dateModified":"2026-01-30T19:13:47+00:00","breadcrumb":{"@id":"https:\/\/www.meribelexperience.fr\/en\/prices\/#breadcrumb"},"inLanguage":"en-US","potentialAction":[{"@type":"ReadAction","target":["https:\/\/www.meribelexperience.fr\/en\/prices\/"]}]},{"@type":"BreadcrumbList","@id":"https:\/\/www.meribelexperience.fr\/en\/prices\/#breadcrumb","itemListElement":[{"@type":"ListItem","position":1,"name":"Home","item":"https:\/\/www.meribelexperience.fr\/en\/"},{"@type":"ListItem","position":2,"name":"Prices"}]},{"@type":"WebSite","@id":"https:\/\/www.meribelexperience.fr\/en\/#website","url":"https:\/\/www.meribelexperience.fr\/en\/","name":"M\u00e9ribel Experience","description":"Fa\u00eetes place \u00e0 l&#039;aventure","potentialAction":[{"@type":"SearchAction","target":{"@type":"EntryPoint","urlTemplate":"https:\/\/www.meribelexperience.fr\/en\/?s={search_term_string}"},"query-input":{"@type":"PropertyValueSpecification","valueRequired":true,"valueName":"search_term_string"}}],"inLanguage":"en-US"}]}},"_links":{"self":[{"href":"https:\/\/www.meribelexperience.fr\/en\/wp-json\/wp\/v2\/pages\/1347","targetHints":{"allow":["GET"]}}],"collection":[{"href":"https:\/\/www.meribelexperience.fr\/en\/wp-json\/wp\/v2\/pages"}],"about":[{"href":"https:\/\/www.meribelexperience.fr\/en\/wp-json\/wp\/v2\/types\/page"}],"author":[{"embeddable":true,"href":"https:\/\/www.meribelexperience.fr\/en\/wp-json\/wp\/v2\/users\/2"}],"replies":[{"embeddable":true,"href":"https:\/\/www.meribelexperience.fr\/en\/wp-json\/wp\/v2\/comments?post=1347"}],"version-history":[{"count":19,"href":"https:\/\/www.meribelexperience.fr\/en\/wp-json\/wp\/v2\/pages\/1347\/revisions"}],"predecessor-version":[{"id":3488,"href":"https:\/\/www.meribelexperience.fr\/en\/wp-json\/wp\/v2\/pages\/1347\/revisions\/3488"}],"wp:attachment":[{"href":"https:\/\/www.meribelexperience.fr\/en\/wp-json\/wp\/v2\/media?parent=1347"}],"curies":[{"name":"wp","href":"https:\/\/api.w.org\/{rel}","templated":true}]}}