{"id":1147,"date":"2020-11-24T09:47:54","date_gmt":"2020-11-24T07:47:54","guid":{"rendered":"https:\/\/www.meribelexperience.fr\/?page_id=1147"},"modified":"2023-10-10T12:17:07","modified_gmt":"2023-10-10T10:17:07","slug":"services","status":"publish","type":"page","link":"https:\/\/www.meribelexperience.fr\/en\/services\/","title":{"rendered":"Services"},"content":{"rendered":"<div class=\"wpb-content-wrapper\"><p>[vc_row el_class=&#8221;ws-row-space-top-80x&#8221;][vc_column width=&#8221;1\/2&#8243; el_class=&#8221;ws-mobile-space-15x&#8221;]<\/p>\n<div class=\"ws-heading text-left ws-heading-dark  \"><p>Our services<\/p><\/div><div class=\"ws-heading text-left ws-heading-dark\"><h1>For an unforgettable stay<\/h1><\/div>\n<p>[\/vc_column][vc_column width=&#8221;1\/2&#8243;][vc_column_text el_class=&#8221;ws-text-block&#8221;]<\/p>\n<p>Combine the comfort of a rental with concierge services to perfect your stay in the mountains: transfers, daily cleaning, ski lessons, private chef, private shuttle&#8230;<\/p>\n<p>We respond to all your requests with professionalism and responsiveness.<\/p>\n<p>[\/vc_column_text][\/vc_column][\/vc_row][vc_row el_class=&#8221;ws-row-space-80x&#8221;][vc_column width=&#8221;5\/12&#8243; css=&#8221;.vc_custom_1694170236926{background-color: #13273a !important;}&#8221; el_class=&#8221;ws-sevices-box&#8221;][vc_column_text]<\/p>\n<h2 style=\"font-family: Andaman; text-align: center; font-size: 60px; color: #d2a641;\">Services Included<\/h2>\n<p>[\/vc_column_text][vc_empty_space height=&#8221;20px&#8221;][vc_column_text el_class=&#8221;ws-text-block-light&#8221;]<\/p>\n<p style=\"text-align: center;\" data-mce-style=\"text-align: center;\">Personalized welcome<br \/>Beds made on arrival<br \/>Household linens<br \/>Firewood<br \/>Final Cleaning<br \/>Wireless<br \/>Snow removal<br \/>SPA maintenance<\/p>\n<p>[\/vc_column_text][\/vc_column][vc_column width=&#8221;1\/2&#8243; css=&#8221;.vc_custom_1694170230328{background-color: #13273a !important;}&#8221; offset=&#8221;vc_col-lg-offset-1 vc_col-md-offset-1 vc_col-sm-offset-1&#8243; el_class=&#8221;ws-sevices-box ws-sevices-box-right&#8221;][vc_column_text]<\/p>\n<h2 style=\"font-family: Andaman; text-align: center; font-size: 60px; color: #d2a641;\">A la carte services<\/h2>\n<p>[\/vc_column_text][vc_empty_space height=&#8221;20px&#8221;][vc_column_text el_class=&#8221;ws-text-block-light&#8221;]<\/p>\n<p style=\"text-align: center;\" data-mce-style=\"text-align: center;\">Mid-Week Cleaning<br \/>Daily Housekeeping<br \/>Baby sitting<br \/>Continental breakfast<br \/>Chef at home<br \/>Ski transport \/ Transfer<br \/>Ski Instructor \/ Guide<br \/>Concierge<\/p>\n<p>[\/vc_column_text][\/vc_column][\/vc_row][vc_row el_class=&#8221;ws-row-space-bottom-80x&#8221;][vc_column]<\/p>\n<div class=\"ws-heading text-center ws-heading-dark\"><div>Any question?<\/div><\/div>[vc_empty_space height=&#8221;10px&#8221;]<div class=\"ws-special-button text-center button_dark\"><a href=\"contact\/\" target=\"_self\" class=\"btn ws-button-orange\">Contact us<\/a><\/div>\n<p>[\/vc_column][\/vc_row][vc_row full_width=&#8221;stretch_row_content_no_spaces&#8221; css=&#8221;.vc_custom_1694170128609{padding-bottom: 30px !important;}&#8221;][vc_column][vc_single_image image=&#8221;1716&#8243; img_size=&#8221;full&#8221;][\/vc_column][\/vc_row]<\/p>\n<\/div>","protected":false},"excerpt":{"rendered":"<p>[vc_row el_class=&#8221;ws-row-space-top-80x&#8221;][vc_column width=&#8221;1\/2&#8243; el_class=&#8221;ws-mobile-space-15x&#8221;] [\/vc_column][vc_column width=&#8221;1\/2&#8243;][vc_column_text el_class=&#8221;ws-text-block&#8221;] Combine the comfort of a rental with concierge services to perfect your stay in the mountains: transfers, daily cleaning, ski lessons, private chef, private shuttle&#8230; We respond to all your requests with professionalism and responsiveness. [\/vc_column_text][\/vc_column][\/vc_row][vc_row el_class=&#8221;ws-row-space-80x&#8221;][vc_column width=&#8221;5\/12&#8243; css=&#8221;.vc_custom_1694170236926{background-color: #13273a !important;}&#8221; el_class=&#8221;ws-sevices-box&#8221;][vc_column_text] Services Included [\/vc_column_text][vc_empty_space height=&#8221;20px&#8221;][vc_column_text el_class=&#8221;ws-text-block-light&#8221;] Personalized [&hellip;]<\/p>\n","protected":false},"author":2,"featured_media":0,"parent":0,"menu_order":0,"comment_status":"closed","ping_status":"closed","template":"template-image-page.php","meta":{"footnotes":""},"class_list":["post-1147","page","type-page","status-publish","hentry"],"yoast_head":"<!-- This site is optimized with the Yoast SEO plugin v27.0 - https:\/\/yoast.com\/product\/yoast-seo-wordpress\/ -->\n<title>Services - M\u00e9ribel Experience<\/title>\n<meta name=\"robots\" content=\"index, follow, max-snippet:-1, max-image-preview:large, max-video-preview:-1\" \/>\n<link rel=\"canonical\" href=\"https:\/\/www.meribelexperience.fr\/en\/services\/\" \/>\n<meta property=\"og:locale\" content=\"en_US\" \/>\n<meta property=\"og:type\" content=\"article\" \/>\n<meta property=\"og:title\" content=\"Services - M\u00e9ribel Experience\" \/>\n<meta property=\"og:description\" content=\"[vc_row el_class=&#8221;ws-row-space-top-80x&#8221;][vc_column width=&#8221;1\/2&#8243; el_class=&#8221;ws-mobile-space-15x&#8221;] [\/vc_column][vc_column width=&#8221;1\/2&#8243;][vc_column_text el_class=&#8221;ws-text-block&#8221;] Combine the comfort of a rental with concierge services to perfect your stay in the mountains: transfers, daily cleaning, ski lessons, private chef, private shuttle&#8230; We respond to all your requests with professionalism and responsiveness. [\/vc_column_text][\/vc_column][\/vc_row][vc_row el_class=&#8221;ws-row-space-80x&#8221;][vc_column width=&#8221;5\/12&#8243; css=&#8221;.vc_custom_1694170236926{background-color: #13273a !important;}&#8221; el_class=&#8221;ws-sevices-box&#8221;][vc_column_text] Services Included [\/vc_column_text][vc_empty_space height=&#8221;20px&#8221;][vc_column_text el_class=&#8221;ws-text-block-light&#8221;] Personalized [&hellip;]\" \/>\n<meta property=\"og:url\" content=\"https:\/\/www.meribelexperience.fr\/en\/services\/\" \/>\n<meta property=\"og:site_name\" content=\"M\u00e9ribel Experience\" \/>\n<meta property=\"article:modified_time\" content=\"2023-10-10T10:17:07+00:00\" \/>\n<meta name=\"twitter:card\" content=\"summary_large_image\" \/>\n<meta name=\"twitter:label1\" content=\"Est. reading time\" \/>\n\t<meta name=\"twitter:data1\" content=\"1 minute\" \/>\n<script type=\"application\/ld+json\" class=\"yoast-schema-graph\">{\"@context\":\"https:\/\/schema.org\",\"@graph\":[{\"@type\":\"WebPage\",\"@id\":\"https:\/\/www.meribelexperience.fr\/en\/services\/\",\"url\":\"https:\/\/www.meribelexperience.fr\/en\/services\/\",\"name\":\"Services - M\u00e9ribel Experience\",\"isPartOf\":{\"@id\":\"https:\/\/www.meribelexperience.fr\/en\/#website\"},\"datePublished\":\"2020-11-24T07:47:54+00:00\",\"dateModified\":\"2023-10-10T10:17:07+00:00\",\"breadcrumb\":{\"@id\":\"https:\/\/www.meribelexperience.fr\/en\/services\/#breadcrumb\"},\"inLanguage\":\"en-US\",\"potentialAction\":[{\"@type\":\"ReadAction\",\"target\":[\"https:\/\/www.meribelexperience.fr\/en\/services\/\"]}]},{\"@type\":\"BreadcrumbList\",\"@id\":\"https:\/\/www.meribelexperience.fr\/en\/services\/#breadcrumb\",\"itemListElement\":[{\"@type\":\"ListItem\",\"position\":1,\"name\":\"Home\",\"item\":\"https:\/\/www.meribelexperience.fr\/en\/\"},{\"@type\":\"ListItem\",\"position\":2,\"name\":\"Services\"}]},{\"@type\":\"WebSite\",\"@id\":\"https:\/\/www.meribelexperience.fr\/en\/#website\",\"url\":\"https:\/\/www.meribelexperience.fr\/en\/\",\"name\":\"M\u00e9ribel Experience\",\"description\":\"Fa\u00eetes place \u00e0 l&#039;aventure\",\"potentialAction\":[{\"@type\":\"SearchAction\",\"target\":{\"@type\":\"EntryPoint\",\"urlTemplate\":\"https:\/\/www.meribelexperience.fr\/en\/?s={search_term_string}\"},\"query-input\":{\"@type\":\"PropertyValueSpecification\",\"valueRequired\":true,\"valueName\":\"search_term_string\"}}],\"inLanguage\":\"en-US\"}]}<\/script>\n<!-- \/ Yoast SEO plugin. -->","yoast_head_json":{"title":"Services - M\u00e9ribel Experience","robots":{"index":"index","follow":"follow","max-snippet":"max-snippet:-1","max-image-preview":"max-image-preview:large","max-video-preview":"max-video-preview:-1"},"canonical":"https:\/\/www.meribelexperience.fr\/en\/services\/","og_locale":"en_US","og_type":"article","og_title":"Services - M\u00e9ribel Experience","og_description":"[vc_row el_class=&#8221;ws-row-space-top-80x&#8221;][vc_column width=&#8221;1\/2&#8243; el_class=&#8221;ws-mobile-space-15x&#8221;] [\/vc_column][vc_column width=&#8221;1\/2&#8243;][vc_column_text el_class=&#8221;ws-text-block&#8221;] Combine the comfort of a rental with concierge services to perfect your stay in the mountains: transfers, daily cleaning, ski lessons, private chef, private shuttle&#8230; We respond to all your requests with professionalism and responsiveness. [\/vc_column_text][\/vc_column][\/vc_row][vc_row el_class=&#8221;ws-row-space-80x&#8221;][vc_column width=&#8221;5\/12&#8243; css=&#8221;.vc_custom_1694170236926{background-color: #13273a !important;}&#8221; el_class=&#8221;ws-sevices-box&#8221;][vc_column_text] Services Included [\/vc_column_text][vc_empty_space height=&#8221;20px&#8221;][vc_column_text el_class=&#8221;ws-text-block-light&#8221;] Personalized [&hellip;]","og_url":"https:\/\/www.meribelexperience.fr\/en\/services\/","og_site_name":"M\u00e9ribel Experience","article_modified_time":"2023-10-10T10:17:07+00:00","twitter_card":"summary_large_image","twitter_misc":{"Est. reading time":"1 minute"},"schema":{"@context":"https:\/\/schema.org","@graph":[{"@type":"WebPage","@id":"https:\/\/www.meribelexperience.fr\/en\/services\/","url":"https:\/\/www.meribelexperience.fr\/en\/services\/","name":"Services - M\u00e9ribel Experience","isPartOf":{"@id":"https:\/\/www.meribelexperience.fr\/en\/#website"},"datePublished":"2020-11-24T07:47:54+00:00","dateModified":"2023-10-10T10:17:07+00:00","breadcrumb":{"@id":"https:\/\/www.meribelexperience.fr\/en\/services\/#breadcrumb"},"inLanguage":"en-US","potentialAction":[{"@type":"ReadAction","target":["https:\/\/www.meribelexperience.fr\/en\/services\/"]}]},{"@type":"BreadcrumbList","@id":"https:\/\/www.meribelexperience.fr\/en\/services\/#breadcrumb","itemListElement":[{"@type":"ListItem","position":1,"name":"Home","item":"https:\/\/www.meribelexperience.fr\/en\/"},{"@type":"ListItem","position":2,"name":"Services"}]},{"@type":"WebSite","@id":"https:\/\/www.meribelexperience.fr\/en\/#website","url":"https:\/\/www.meribelexperience.fr\/en\/","name":"M\u00e9ribel Experience","description":"Fa\u00eetes place \u00e0 l&#039;aventure","potentialAction":[{"@type":"SearchAction","target":{"@type":"EntryPoint","urlTemplate":"https:\/\/www.meribelexperience.fr\/en\/?s={search_term_string}"},"query-input":{"@type":"PropertyValueSpecification","valueRequired":true,"valueName":"search_term_string"}}],"inLanguage":"en-US"}]}},"_links":{"self":[{"href":"https:\/\/www.meribelexperience.fr\/en\/wp-json\/wp\/v2\/pages\/1147","targetHints":{"allow":["GET"]}}],"collection":[{"href":"https:\/\/www.meribelexperience.fr\/en\/wp-json\/wp\/v2\/pages"}],"about":[{"href":"https:\/\/www.meribelexperience.fr\/en\/wp-json\/wp\/v2\/types\/page"}],"author":[{"embeddable":true,"href":"https:\/\/www.meribelexperience.fr\/en\/wp-json\/wp\/v2\/users\/2"}],"replies":[{"embeddable":true,"href":"https:\/\/www.meribelexperience.fr\/en\/wp-json\/wp\/v2\/comments?post=1147"}],"version-history":[{"count":18,"href":"https:\/\/www.meribelexperience.fr\/en\/wp-json\/wp\/v2\/pages\/1147\/revisions"}],"predecessor-version":[{"id":1231,"href":"https:\/\/www.meribelexperience.fr\/en\/wp-json\/wp\/v2\/pages\/1147\/revisions\/1231"}],"wp:attachment":[{"href":"https:\/\/www.meribelexperience.fr\/en\/wp-json\/wp\/v2\/media?parent=1147"}],"curies":[{"name":"wp","href":"https:\/\/api.w.org\/{rel}","templated":true}]}}